{"id":3,"date":"2023-01-25T12:32:10","date_gmt":"2023-01-25T12:32:10","guid":{"rendered":"https:\/\/starkaudit.net\/?page_id=3"},"modified":"2023-09-11T14:49:36","modified_gmt":"2023-09-11T14:49:36","slug":"politica-privacidad","status":"publish","type":"page","link":"https:\/\/starkaudit.net\/en\/politica-privacidad\/","title":{"rendered":"Privacy Policy"},"content":{"rendered":"<h1 class=\"wp-block-heading has-medium-font-size\"><strong>POL\u00cdTICA DE PRIVACIDAD<\/strong><\/h1>\n\n\n\n<p>De conformidad con el art\u00edculo 13 del Reglamento (UE) 2016\/679, de 27 de abril,<br>relativo a la protecci\u00f3n de las personas f\u00edsicas en lo que respecta al tratamiento de<br>datos personales y a la libre circulaci\u00f3n de los mismos, y del art\u00edculo 11 de la Ley<br>Org\u00e1nica 3\/2018, de 5 de diciembre, de Protecci\u00f3n de Datos Personales y garant\u00eda de<br>los derechos digitales (LOPDGDD) se informa al usuario de los siguientes aspectos:<\/p>\n\n\n\n<h2 class=\"wp-block-heading has-medium-font-size\"><br>\u00bfQui\u00e9n es el Responsable del tratamiento de sus datos?<\/h2>\n\n\n\n<ul class=\"wp-block-list\">\n<li>Identity: STARK AUDIT S.L.P.<\/li>\n\n\n\n<li>NIF: B09585662<\/li>\n\n\n\n<li>Domicilio: Calle Vitoria n\u00ba28 \u2013 2\u00baD, 09004, Burgos.<\/li>\n\n\n\n<li>Phone: 947 26 14 02<\/li>\n\n\n\n<li>Email: info@starkaudit.com<\/li>\n\n\n\n<li>Datos del Delegado de Protecci\u00f3n de datos: dpd@lexdigitalabogados.com<br>\u00bfCon qu\u00e9 finalidad tratamos sus datos personales?<br>STARK AUDIT S.L.P. informa a los usuarios que la finalidad del tratamiento de los datos<br>recabados en el formulario de contacto del presente sitio web contempla: La atenci\u00f3n<br>de la solicitud realizada por el interesado, la inclusi\u00f3n en la agenda de contactos, la<br>prestaci\u00f3n del servicio requerido y la elaboraci\u00f3n de presupuestos.<br>\u00bfCu\u00e1l es la legitimaci\u00f3n para el tratamiento de sus datos?<br>La base jur\u00eddica para el tratamiento de sus datos personales es el consentimiento<br>expreso manifestado por el usuario de conformidad con el art\u00edculo 6.1.a) del RGPD, a<br>trav\u00e9s de la selecci\u00f3n de la casilla check de env\u00edo del formulario donde verifica su<br>consentimiento.<br>\u00bfPor cu\u00e1nto tiempo conservaremos sus datos?<br>S\u00f3lo almacenamos los datos personales de los usuarios en la medida en que la<br>necesitamos a fin de poder utilizarla seg\u00fan la finalidad para la que fue recabada, y<br>seg\u00fan la base jur\u00eddica del tratamiento de la misma. Mantendremos los datos<br>personales mientras exista una relaci\u00f3n contractual con el usuario y mientras \u00e9ste no<br>ejerza el derecho de supresi\u00f3n, cancelaci\u00f3n y\/o limitaci\u00f3n del tratamiento de los datos<br>personales<br>\u00bfA qu\u00e9 destinatarios se comunicar\u00e1n sus datos?<br>STARK AUDIT S.L.P. informa a los usuarios de que sus datos personales no ser\u00e1n<br>cedidos a terceras organizaciones, con la salvedad de que dicha cesi\u00f3n de datos est\u00e9<br>amparada en una obligaci\u00f3n legal o cuando la prestaci\u00f3n de un servicio implique la<br>necesidad de una relaci\u00f3n contractual con un encargado de tratamiento.<\/li>\n<\/ul>\n\n\n\n<h2 class=\"wp-block-heading has-medium-font-size\">\u00bfCu\u00e1les son sus derechos cuando nos facilita sus datos?<\/h2>\n\n\n\n<p><br>Las personas interesadas tienen derecho a acceder a sus datos personales, as\u00ed como a<br>solicitar la rectificaci\u00f3n de los datos inexactos o, en su caso, solicitar su supresi\u00f3n<br>cuando, entre otros motivos, los datos ya no sean necesarios para los fines que fueron<br>recogidos.<br>En determinadas circunstancias, los interesados podr\u00e1n solicitar la limitaci\u00f3n del<br>tratamiento de sus datos, podr\u00e1n oponerse al tratamiento de los datos, as\u00ed como<br>ejercer el derecho a la portabilidad de sus datos.<br>Para hacer uso del ejercicio de estos derechos, el usuario deber\u00e1 dirigirse mediante<br>comunicaci\u00f3n escrita, aportando documentaci\u00f3n que acredite su identidad (DNI o<br>pasaporte), a la siguiente direcci\u00f3n de correo electr\u00f3nico: info@starkaudit.com. Dicha<br>comunicaci\u00f3n deber\u00e1 reflejar la siguiente informaci\u00f3n: Nombre y apellidos del<br>interesado, la petici\u00f3n de solicitud y los datos acreditativos.<br>Asimismo, tiene derecho a retirar el consentimiento para el tratamiento de sus datos<br>personales en cualquier momento.<br>Todo interesado tiene derecho a presentar una reclamaci\u00f3n ante la Agencia Espa\u00f1ola<br>de Protecci\u00f3n de Datos (www.aepd.es).<\/p>","protected":false},"excerpt":{"rendered":"<p>POL\u00cdTICA DE PRIVACIDAD De conformidad con el art\u00edculo 13 del Reglamento (UE) 2016\/679, de 27 de abril,relativo a la protecci\u00f3n de las personas f\u00edsicas en lo que respecta al tratamiento dedatos personales y a la libre circulaci\u00f3n de los mismos, y del art\u00edculo 11 de la LeyOrg\u00e1nica 3\/2018, de 5 de diciembre, de Protecci\u00f3n de&hellip;&nbsp;<a href=\"https:\/\/starkaudit.net\/en\/politica-privacidad\/\" rel=\"bookmark\">Read More &raquo;<span class=\"screen-reader-text\">Privacy Policy<\/span><\/a><\/p>","protected":false},"author":1,"featured_media":0,"parent":0,"menu_order":0,"comment_status":"closed","ping_status":"open","template":"","meta":{"neve_meta_sidebar":"","neve_meta_container":"","neve_meta_enable_content_width":"","neve_meta_content_width":0,"neve_meta_title_alignment":"","neve_meta_author_avatar":"","neve_post_elements_order":"","neve_meta_disable_header":"","neve_meta_disable_footer":"","neve_meta_disable_title":"","footnotes":""},"class_list":["post-3","page","type-page","status-publish","hentry"],"yoast_head":"<!-- This site is optimized with the Yoast SEO plugin v27.1.1 - https:\/\/yoast.com\/product\/yoast-seo-wordpress\/ -->\n<title>Pol\u00edtica de Privacidad - STARK AUDIT AUDITORES DE CUENTAS<\/title>\n<meta name=\"robots\" content=\"index, follow, max-snippet:-1, max-image-preview:large, max-video-preview:-1\" \/>\n<link rel=\"canonical\" href=\"https:\/\/starkaudit.net\/en\/politica-privacidad\/\" \/>\n<meta property=\"og:locale\" content=\"en_US\" \/>\n<meta property=\"og:type\" content=\"article\" \/>\n<meta property=\"og:title\" content=\"Pol\u00edtica de Privacidad - STARK AUDIT AUDITORES DE CUENTAS\" \/>\n<meta property=\"og:description\" content=\"POL\u00cdTICA DE PRIVACIDAD De conformidad con el art\u00edculo 13 del Reglamento (UE) 2016\/679, de 27 de abril,relativo a la protecci\u00f3n de las personas f\u00edsicas en lo que respecta al tratamiento dedatos personales y a la libre circulaci\u00f3n de los mismos, y del art\u00edculo 11 de la LeyOrg\u00e1nica 3\/2018, de 5 de diciembre, de Protecci\u00f3n de&hellip;&nbsp;Read More &raquo;Pol\u00edtica de Privacidad\" \/>\n<meta property=\"og:url\" content=\"https:\/\/starkaudit.net\/en\/politica-privacidad\/\" \/>\n<meta property=\"og:site_name\" content=\"STARK AUDIT AUDITORES DE CUENTAS\" \/>\n<meta property=\"article:modified_time\" content=\"2023-09-11T14:49:36+00:00\" \/>\n<meta name=\"twitter:card\" content=\"summary_large_image\" \/>\n<meta name=\"twitter:label1\" content=\"Est. reading time\" \/>\n\t<meta name=\"twitter:data1\" content=\"3 minutes\" \/>\n<script type=\"application\/ld+json\" class=\"yoast-schema-graph\">{\"@context\":\"https:\/\/schema.org\",\"@graph\":[{\"@type\":\"WebPage\",\"@id\":\"https:\/\/starkaudit.net\/politica-privacidad\/\",\"url\":\"https:\/\/starkaudit.net\/politica-privacidad\/\",\"name\":\"Pol\u00edtica de Privacidad - STARK AUDIT AUDITORES DE CUENTAS\",\"isPartOf\":{\"@id\":\"https:\/\/starkaudit.net\/#website\"},\"datePublished\":\"2023-01-25T12:32:10+00:00\",\"dateModified\":\"2023-09-11T14:49:36+00:00\",\"breadcrumb\":{\"@id\":\"https:\/\/starkaudit.net\/politica-privacidad\/#breadcrumb\"},\"inLanguage\":\"en-US\",\"potentialAction\":[{\"@type\":\"ReadAction\",\"target\":[\"https:\/\/starkaudit.net\/politica-privacidad\/\"]}]},{\"@type\":\"BreadcrumbList\",\"@id\":\"https:\/\/starkaudit.net\/politica-privacidad\/#breadcrumb\",\"itemListElement\":[{\"@type\":\"ListItem\",\"position\":1,\"name\":\"Home\",\"item\":\"https:\/\/starkaudit.net\/\"},{\"@type\":\"ListItem\",\"position\":2,\"name\":\"Pol\u00edtica de Privacidad\"}]},{\"@type\":\"WebSite\",\"@id\":\"https:\/\/starkaudit.net\/#website\",\"url\":\"https:\/\/starkaudit.net\/\",\"name\":\"STARK AUDIT AUDITORES DE CUENTAS\",\"description\":\"STARK AUDIT AUDITORES DE CUENTAS\",\"publisher\":{\"@id\":\"https:\/\/starkaudit.net\/#organization\"},\"alternateName\":\"STARK AUDITORES BURGOS\",\"potentialAction\":[{\"@type\":\"SearchAction\",\"target\":{\"@type\":\"EntryPoint\",\"urlTemplate\":\"https:\/\/starkaudit.net\/?s={search_term_string}\"},\"query-input\":{\"@type\":\"PropertyValueSpecification\",\"valueRequired\":true,\"valueName\":\"search_term_string\"}}],\"inLanguage\":\"en-US\"},{\"@type\":\"Organization\",\"@id\":\"https:\/\/starkaudit.net\/#organization\",\"name\":\"STARK AUDIT AUDITORES DE CUENTAS\",\"url\":\"https:\/\/starkaudit.net\/\",\"logo\":{\"@type\":\"ImageObject\",\"inLanguage\":\"en-US\",\"@id\":\"https:\/\/starkaudit.net\/#\/schema\/logo\/image\/\",\"url\":\"\",\"contentUrl\":\"\",\"caption\":\"STARK AUDIT AUDITORES DE CUENTAS\"},\"image\":{\"@id\":\"https:\/\/starkaudit.net\/#\/schema\/logo\/image\/\"}}]}<\/script>\n<!-- \/ Yoast SEO plugin. -->","yoast_head_json":{"title":"Pol\u00edtica de Privacidad - STARK AUDIT AUDITORES DE CUENTAS","robots":{"index":"index","follow":"follow","max-snippet":"max-snippet:-1","max-image-preview":"max-image-preview:large","max-video-preview":"max-video-preview:-1"},"canonical":"https:\/\/starkaudit.net\/en\/politica-privacidad\/","og_locale":"en_US","og_type":"article","og_title":"Pol\u00edtica de Privacidad - STARK AUDIT AUDITORES DE CUENTAS","og_description":"POL\u00cdTICA DE PRIVACIDAD De conformidad con el art\u00edculo 13 del Reglamento (UE) 2016\/679, de 27 de abril,relativo a la protecci\u00f3n de las personas f\u00edsicas en lo que respecta al tratamiento dedatos personales y a la libre circulaci\u00f3n de los mismos, y del art\u00edculo 11 de la LeyOrg\u00e1nica 3\/2018, de 5 de diciembre, de Protecci\u00f3n de&hellip;&nbsp;Read More &raquo;Pol\u00edtica de Privacidad","og_url":"https:\/\/starkaudit.net\/en\/politica-privacidad\/","og_site_name":"STARK AUDIT AUDITORES DE CUENTAS","article_modified_time":"2023-09-11T14:49:36+00:00","twitter_card":"summary_large_image","twitter_misc":{"Est. reading time":"3 minutes"},"schema":{"@context":"https:\/\/schema.org","@graph":[{"@type":"WebPage","@id":"https:\/\/starkaudit.net\/politica-privacidad\/","url":"https:\/\/starkaudit.net\/politica-privacidad\/","name":"Pol\u00edtica de Privacidad - STARK AUDIT AUDITORES DE CUENTAS","isPartOf":{"@id":"https:\/\/starkaudit.net\/#website"},"datePublished":"2023-01-25T12:32:10+00:00","dateModified":"2023-09-11T14:49:36+00:00","breadcrumb":{"@id":"https:\/\/starkaudit.net\/politica-privacidad\/#breadcrumb"},"inLanguage":"en-US","potentialAction":[{"@type":"ReadAction","target":["https:\/\/starkaudit.net\/politica-privacidad\/"]}]},{"@type":"BreadcrumbList","@id":"https:\/\/starkaudit.net\/politica-privacidad\/#breadcrumb","itemListElement":[{"@type":"ListItem","position":1,"name":"Home","item":"https:\/\/starkaudit.net\/"},{"@type":"ListItem","position":2,"name":"Pol\u00edtica de Privacidad"}]},{"@type":"WebSite","@id":"https:\/\/starkaudit.net\/#website","url":"https:\/\/starkaudit.net\/","name":"STARK AUDIT AUDITORES DE CUENTAS","description":"STARK AUDIT AUDITORES DE CUENTAS","publisher":{"@id":"https:\/\/starkaudit.net\/#organization"},"alternateName":"STARK AUDITORES BURGOS","potentialAction":[{"@type":"SearchAction","target":{"@type":"EntryPoint","urlTemplate":"https:\/\/starkaudit.net\/?s={search_term_string}"},"query-input":{"@type":"PropertyValueSpecification","valueRequired":true,"valueName":"search_term_string"}}],"inLanguage":"en-US"},{"@type":"Organization","@id":"https:\/\/starkaudit.net\/#organization","name":"STARK AUDIT AUDITORES DE CUENTAS","url":"https:\/\/starkaudit.net\/","logo":{"@type":"ImageObject","inLanguage":"en-US","@id":"https:\/\/starkaudit.net\/#\/schema\/logo\/image\/","url":"","contentUrl":"","caption":"STARK AUDIT AUDITORES DE CUENTAS"},"image":{"@id":"https:\/\/starkaudit.net\/#\/schema\/logo\/image\/"}}]}},"_links":{"self":[{"href":"https:\/\/starkaudit.net\/en\/wp-json\/wp\/v2\/pages\/3","targetHints":{"allow":["GET"]}}],"collection":[{"href":"https:\/\/starkaudit.net\/en\/wp-json\/wp\/v2\/pages"}],"about":[{"href":"https:\/\/starkaudit.net\/en\/wp-json\/wp\/v2\/types\/page"}],"author":[{"embeddable":true,"href":"https:\/\/starkaudit.net\/en\/wp-json\/wp\/v2\/users\/1"}],"replies":[{"embeddable":true,"href":"https:\/\/starkaudit.net\/en\/wp-json\/wp\/v2\/comments?post=3"}],"version-history":[{"count":3,"href":"https:\/\/starkaudit.net\/en\/wp-json\/wp\/v2\/pages\/3\/revisions"}],"predecessor-version":[{"id":242,"href":"https:\/\/starkaudit.net\/en\/wp-json\/wp\/v2\/pages\/3\/revisions\/242"}],"wp:attachment":[{"href":"https:\/\/starkaudit.net\/en\/wp-json\/wp\/v2\/media?parent=3"}],"curies":[{"name":"wp","href":"https:\/\/api.w.org\/{rel}","templated":true}]}}