{"id":21,"date":"2023-09-04T08:42:52","date_gmt":"2023-09-04T08:42:52","guid":{"rendered":"https:\/\/starkaudit.net\/?page_id=21"},"modified":"2025-06-14T16:26:34","modified_gmt":"2025-06-14T16:26:34","slug":"contacto","status":"publish","type":"page","link":"https:\/\/starkaudit.net\/en\/contacto\/","title":{"rendered":"Contact"},"content":{"rendered":"<div class=\"wp-block-cover alignfull\" style=\"min-height:600px;aspect-ratio:unset;\"><span aria-hidden=\"true\" class=\"wp-block-cover__background has-nv-light-bg-background-color has-background-dim-100 has-background-dim\"><\/span><div class=\"wp-block-cover__inner-container is-layout-flow wp-block-cover-is-layout-flow\">\n<div class=\"wp-block-group\"><div class=\"wp-block-group__inner-container is-layout-flow wp-block-group-is-layout-flow\">\n<div style=\"height:80px\" aria-hidden=\"true\" class=\"wp-block-spacer\"><\/div>\n\n\n\n<h2 class=\"wp-block-heading has-text-align-center has-nv-dark-bg-color has-text-color\">\ud83d\udce8<strong>Contacta con nosotros<\/strong><br><\/h2>\n\n\n\n<p class=\"has-nv-dark-bg-color has-text-color\">Si est\u00e1 buscando una empresa de auditor\u00eda de confianza, cont\u00e1ctenos hoy para conocer m\u00e1s sobre nuestros servicios de auditor\u00eda personalizados<\/p>\n\n\n\n<p class=\"has-nv-dark-bg-color has-text-color\">Somos Auditores de Cuentas inscritos en el&nbsp;<strong>Registro Oficial de Auditores de Cuentas (ROAC)<\/strong>&nbsp;perteneciente al Instituto de Contabilidad y Auditor\u00eda de Cuentas (ICAC), con el n\u00famero&nbsp;<strong>S2425<\/strong><\/p>\n\n\n\n<div class=\"wp-block-columns is-layout-flex wp-container-core-columns-is-layout-9d6595d7 wp-block-columns-is-layout-flex\">\n<div class=\"wp-block-column is-layout-flow wp-block-column-is-layout-flow\" style=\"flex-basis:66.79%\">\n<div style=\"height:0px\" aria-hidden=\"true\" class=\"wp-block-spacer\"><\/div>\n\n\n\n<figure class=\"wp-block-image size-large is-resized\"><img loading=\"lazy\" decoding=\"async\" width=\"1024\" height=\"875\" src=\"https:\/\/starkaudit.net\/wp-content\/uploads\/2023\/09\/calle-vitoria-Stark-Audit-1-1024x875.jpg\" alt=\"\" class=\"wp-image-109\" style=\"width:572px;height:489px\" srcset=\"https:\/\/starkaudit.net\/wp-content\/uploads\/2023\/09\/calle-vitoria-Stark-Audit-1-1024x875.jpg 1024w, https:\/\/starkaudit.net\/wp-content\/uploads\/2023\/09\/calle-vitoria-Stark-Audit-1-300x256.jpg 300w, https:\/\/starkaudit.net\/wp-content\/uploads\/2023\/09\/calle-vitoria-Stark-Audit-1-768x656.jpg 768w, https:\/\/starkaudit.net\/wp-content\/uploads\/2023\/09\/calle-vitoria-Stark-Audit-1.jpg 1264w\" sizes=\"auto, (max-width: 1024px) 100vw, 1024px\" \/><\/figure>\n<\/div>\n\n\n\n<div class=\"wp-block-column is-layout-flow wp-block-column-is-layout-flow\" style=\"flex-basis:34%\">\n<div class=\"wpcf7 no-js\" id=\"wpcf7-f149-o1\" lang=\"en\" dir=\"ltr\" data-wpcf7-id=\"149\">\n<div class=\"screen-reader-response\"><p role=\"status\" aria-live=\"polite\" aria-atomic=\"true\"><\/p> <ul><\/ul><\/div>\n<form action=\"\/en\/wp-json\/wp\/v2\/pages\/21#wpcf7-f149-o1\" method=\"post\" class=\"wpcf7-form init\" aria-label=\"Contact form\" novalidate=\"novalidate\" data-status=\"init\" data-trp-original-action=\"\/en\/wp-json\/wp\/v2\/pages\/21#wpcf7-f149-o1\">\n<fieldset class=\"hidden-fields-container\"><input type=\"hidden\" name=\"_wpcf7\" value=\"149\" \/><input type=\"hidden\" name=\"_wpcf7_version\" value=\"6.1.5\" \/><input type=\"hidden\" name=\"_wpcf7_locale\" value=\"en\" \/><input type=\"hidden\" name=\"_wpcf7_unit_tag\" value=\"wpcf7-f149-o1\" \/><input type=\"hidden\" name=\"_wpcf7_container_post\" value=\"0\" \/><input type=\"hidden\" name=\"_wpcf7_posted_data_hash\" value=\"\" \/>\n<\/fieldset>\n<p><span class=\"wpcf7-form-control-wrap\" data-name=\"Aceptopolticadeprivacidad\"><span class=\"wpcf7-form-control wpcf7-checkbox wpcf7-validates-as-required\"><\/span><\/span><label style=\"color:black\" alt=\"correo de contacto\"> Email<br \/>\n<span class=\"wpcf7-form-control-wrap\" data-name=\"your-email\"><input size=\"40\" maxlength=\"400\" class=\"wpcf7-form-control wpcf7-email wpcf7-validates-as-required wpcf7-text wpcf7-validates-as-email\" autocomplete=\"email\" aria-required=\"true\" aria-invalid=\"false\" value=\"\" type=\"email\" name=\"your-email\" \/><\/span> <\/label>\n<\/p>\n<p><label style=\"color:black\" alt=\"mensaje\"> Mensaje *(requerido)<br \/>\n<span class=\"wpcf7-form-control-wrap\" data-name=\"text-466\"><input size=\"40\" maxlength=\"400\" class=\"wpcf7-form-control wpcf7-text\" aria-invalid=\"false\" value=\"\" type=\"text\" name=\"text-466\" \/><\/span> <\/label>\n<\/p>\n<p><label style=\"color:black\" alt=\"pregunta anti-spam *(requerido)\"> Pregunta anti-spam<br \/>\n<span class=\"wpcf7-form-control-wrap\" data-name=\"quiz-456\"><label><span class=\"wpcf7-quiz-label\">5+5<\/span> <input size=\"40\" class=\"wpcf7-form-control wpcf7-quiz\" autocomplete=\"off\" aria-required=\"true\" aria-invalid=\"false\" type=\"text\" name=\"quiz-456\" \/><\/label><input type=\"hidden\" name=\"_wpcf7_quiz_answer_quiz-456\" value=\"fcea8ab744d397632550ba4320ef3206\" \/><\/span> <\/label>\n<\/p>\n<p><label style=\"color:black\" alt=\"aceptamos pol\u00edtica de privacidad *(requerido)\"><br \/>\n<span class=\"wpcf7-form-control-wrap\" data-name=\"acceptance-211\"><span class=\"wpcf7-form-control wpcf7-acceptance\"><span class=\"wpcf7-list-item\"><label><input type=\"checkbox\" name=\"acceptance-211\" value=\"1\" aria-invalid=\"false\" \/><span class=\"wpcf7-list-item-label\">He le\u00eddo y acepto la <a rel=\"nofollow\" https:>Pol\u00edtica de Privacidad<\/a>.<\/span><\/label><\/span><\/span><\/span><\/label>\n<\/p>\n<p><input class=\"wpcf7-form-control wpcf7-submit has-spinner\" type=\"submit\" value=\"Enviar\" \/>\n<\/p><p style=\"display: none !important;\" class=\"akismet-fields-container\" data-prefix=\"_wpcf7_ak_\"><label>&#916;<textarea name=\"_wpcf7_ak_hp_textarea\" cols=\"45\" rows=\"8\" maxlength=\"100\"><\/textarea><\/label><input type=\"hidden\" id=\"ak_js_1\" name=\"_wpcf7_ak_js\" value=\"61\"\/><script>document.getElementById( \"ak_js_1\" ).setAttribute( \"value\", ( new Date() ).getTime() );<\/script><\/p><div class=\"wpcf7-response-output\" aria-hidden=\"true\"><\/div>\n<input type=\"hidden\" name=\"trp-form-language\" value=\"en\"\/><\/form>\n<\/div>\n\n<\/div>\n<\/div>\n\n\n\n<div style=\"height:40px\" aria-hidden=\"true\" class=\"wp-block-spacer\"><\/div>\n<\/div><\/div>\n<\/div><\/div>\n\n\n\n<div style=\"height:97px\" aria-hidden=\"true\" class=\"wp-block-spacer\"><\/div>\n\n\n\n<div class=\"wp-block-columns is-layout-flex wp-container-core-columns-is-layout-9d6595d7 wp-block-columns-is-layout-flex\">\n<div class=\"wp-block-column is-layout-flow wp-block-column-is-layout-flow\">\n<h3 class=\"wp-block-heading has-text-align-center has-neve-text-color-color has-text-color\">\ud83d\udcdeTel\u00e9fono<\/h3>\n\n\n\n<p class=\"has-text-align-center\"><strong>Tel\u00e9fono <\/strong> <a href=\"tel:+34947261402\">+34 947 26 14 02<\/a><\/p>\n<\/div>\n\n\n\n<div class=\"wp-block-column is-vertically-aligned-top is-layout-flow wp-block-column-is-layout-flow\">\n<h3 class=\"wp-block-heading has-text-align-center has-neve-text-color-color has-text-color\">\ud83d\udce7 Email<\/h3>\n\n\n\n<p class=\"has-text-align-center\"><strong>Email <\/strong> <a href=\"mailto:info@starkaudit.com\">info@starkaudit.com<\/a><\/p>\n<\/div>\n\n\n\n<div class=\"wp-block-column is-layout-flow wp-block-column-is-layout-flow\">\n<h3 class=\"wp-block-heading has-text-align-center has-neve-text-color-color has-text-color\">\ud83d\udccdOficinas<\/h3>\n\n\n\n<p class=\"has-text-align-center\"><strong>Ubicaci\u00f3n<\/strong> C\/ Vitoria n28 2\u00baD Burgos 09004<\/p>\n\n\n\n<ul class=\"wp-block-list\">\n<li><strong>Horario L-J<\/strong> :09.00h &#8211; 14h 16h &#8211; 20h <\/li>\n\n\n\n<li><strong>Horario Viernes<\/strong> 08.00h &#8211; 15h<\/li>\n<\/ul>\n<\/div>\n<\/div>\n\n\n\n<div class=\"wp-block-cover alignfull\" style=\"min-height:300px;aspect-ratio:unset;\"><span aria-hidden=\"true\" class=\"wp-block-cover__background has-nv-dark-bg-background-color has-background-dim-100 has-background-dim\"><\/span><div class=\"wp-block-cover__inner-container is-layout-flow wp-block-cover-is-layout-flow\">\n<div style=\"height:140px\" aria-hidden=\"true\" class=\"wp-block-spacer\"><\/div>\n\n\n\n<div style=\"height:140px\" aria-hidden=\"true\" class=\"wp-block-spacer\"><\/div>\n<\/div><\/div>","protected":false},"excerpt":{"rendered":"<p>\ud83d\udcdeTel\u00e9fono Tel\u00e9fono +34 947 26 14 02 \ud83d\udce7 Email Email info@starkaudit.com \ud83d\udccdOficinas Ubicaci\u00f3n C\/ Vitoria n28 2\u00baD Burgos 09004<\/p>","protected":false},"author":1,"featured_media":0,"parent":0,"menu_order":0,"comment_status":"closed","ping_status":"closed","template":"","meta":{"neve_meta_sidebar":"","neve_meta_container":"","neve_meta_enable_content_width":"on","neve_meta_content_width":100,"neve_meta_title_alignment":"","neve_meta_author_avatar":"","neve_post_elements_order":"","neve_meta_disable_header":"","neve_meta_disable_footer":"","neve_meta_disable_title":"on","footnotes":""},"class_list":["post-21","page","type-page","status-publish","hentry"],"yoast_head":"<!-- This site is optimized with the Yoast SEO plugin v27.1.1 - https:\/\/yoast.com\/product\/yoast-seo-wordpress\/ -->\n<title>Contacto - STARK AUDIT AUDITORES DE CUENTAS<\/title>\n<meta name=\"robots\" content=\"index, follow, max-snippet:-1, max-image-preview:large, max-video-preview:-1\" \/>\n<link rel=\"canonical\" href=\"https:\/\/starkaudit.net\/en\/contacto\/\" \/>\n<meta property=\"og:locale\" content=\"en_US\" \/>\n<meta property=\"og:type\" content=\"article\" \/>\n<meta property=\"og:title\" content=\"Contacto - STARK AUDIT AUDITORES DE CUENTAS\" \/>\n<meta property=\"og:description\" content=\"\ud83d\udcdeTel\u00e9fono Tel\u00e9fono +34 947 26 14 02 \ud83d\udce7 Email Email info@starkaudit.com \ud83d\udccdOficinas Ubicaci\u00f3n C\/ Vitoria n28 2\u00baD Burgos 09004\" \/>\n<meta property=\"og:url\" content=\"https:\/\/starkaudit.net\/en\/contacto\/\" \/>\n<meta property=\"og:site_name\" content=\"STARK AUDIT AUDITORES DE CUENTAS\" \/>\n<meta property=\"article:modified_time\" content=\"2025-06-14T16:26:34+00:00\" \/>\n<meta property=\"og:image\" content=\"https:\/\/starkaudit.net\/wp-content\/uploads\/2023\/09\/calle-vitoria-Stark-Audit-1.jpg\" \/>\n\t<meta property=\"og:image:width\" content=\"1264\" \/>\n\t<meta property=\"og:image:height\" content=\"1080\" \/>\n\t<meta property=\"og:image:type\" content=\"image\/jpeg\" \/>\n<meta name=\"twitter:card\" content=\"summary_large_image\" \/>\n<meta name=\"twitter:label1\" content=\"Est. reading time\" \/>\n\t<meta name=\"twitter:data1\" content=\"1 minute\" \/>\n<script type=\"application\/ld+json\" class=\"yoast-schema-graph\">{\"@context\":\"https:\/\/schema.org\",\"@graph\":[{\"@type\":\"WebPage\",\"@id\":\"https:\/\/starkaudit.net\/contacto\/\",\"url\":\"https:\/\/starkaudit.net\/contacto\/\",\"name\":\"Contacto - STARK AUDIT AUDITORES DE CUENTAS\",\"isPartOf\":{\"@id\":\"https:\/\/starkaudit.net\/#website\"},\"primaryImageOfPage\":{\"@id\":\"https:\/\/starkaudit.net\/contacto\/#primaryimage\"},\"image\":{\"@id\":\"https:\/\/starkaudit.net\/contacto\/#primaryimage\"},\"thumbnailUrl\":\"https:\/\/starkaudit.net\/wp-content\/uploads\/2023\/09\/calle-vitoria-Stark-Audit-1-1024x875.jpg\",\"datePublished\":\"2023-09-04T08:42:52+00:00\",\"dateModified\":\"2025-06-14T16:26:34+00:00\",\"breadcrumb\":{\"@id\":\"https:\/\/starkaudit.net\/contacto\/#breadcrumb\"},\"inLanguage\":\"en-US\",\"potentialAction\":[{\"@type\":\"ReadAction\",\"target\":[\"https:\/\/starkaudit.net\/contacto\/\"]}]},{\"@type\":\"ImageObject\",\"inLanguage\":\"en-US\",\"@id\":\"https:\/\/starkaudit.net\/contacto\/#primaryimage\",\"url\":\"https:\/\/starkaudit.net\/wp-content\/uploads\/2023\/09\/calle-vitoria-Stark-Audit-1-1024x875.jpg\",\"contentUrl\":\"https:\/\/starkaudit.net\/wp-content\/uploads\/2023\/09\/calle-vitoria-Stark-Audit-1-1024x875.jpg\"},{\"@type\":\"BreadcrumbList\",\"@id\":\"https:\/\/starkaudit.net\/contacto\/#breadcrumb\",\"itemListElement\":[{\"@type\":\"ListItem\",\"position\":1,\"name\":\"Home\",\"item\":\"https:\/\/starkaudit.net\/\"},{\"@type\":\"ListItem\",\"position\":2,\"name\":\"Contacto\"}]},{\"@type\":\"WebSite\",\"@id\":\"https:\/\/starkaudit.net\/#website\",\"url\":\"https:\/\/starkaudit.net\/\",\"name\":\"STARK AUDIT AUDITORES DE CUENTAS\",\"description\":\"STARK AUDIT AUDITORES DE CUENTAS\",\"publisher\":{\"@id\":\"https:\/\/starkaudit.net\/#organization\"},\"alternateName\":\"STARK AUDITORES BURGOS\",\"potentialAction\":[{\"@type\":\"SearchAction\",\"target\":{\"@type\":\"EntryPoint\",\"urlTemplate\":\"https:\/\/starkaudit.net\/?s={search_term_string}\"},\"query-input\":{\"@type\":\"PropertyValueSpecification\",\"valueRequired\":true,\"valueName\":\"search_term_string\"}}],\"inLanguage\":\"en-US\"},{\"@type\":\"Organization\",\"@id\":\"https:\/\/starkaudit.net\/#organization\",\"name\":\"STARK AUDIT AUDITORES DE CUENTAS\",\"url\":\"https:\/\/starkaudit.net\/\",\"logo\":{\"@type\":\"ImageObject\",\"inLanguage\":\"en-US\",\"@id\":\"https:\/\/starkaudit.net\/#\/schema\/logo\/image\/\",\"url\":\"\",\"contentUrl\":\"\",\"caption\":\"STARK AUDIT AUDITORES DE CUENTAS\"},\"image\":{\"@id\":\"https:\/\/starkaudit.net\/#\/schema\/logo\/image\/\"}}]}<\/script>\n<!-- \/ Yoast SEO plugin. -->","yoast_head_json":{"title":"Contacto - STARK AUDIT AUDITORES DE CUENTAS","robots":{"index":"index","follow":"follow","max-snippet":"max-snippet:-1","max-image-preview":"max-image-preview:large","max-video-preview":"max-video-preview:-1"},"canonical":"https:\/\/starkaudit.net\/en\/contacto\/","og_locale":"en_US","og_type":"article","og_title":"Contacto - STARK AUDIT AUDITORES DE CUENTAS","og_description":"\ud83d\udcdeTel\u00e9fono Tel\u00e9fono +34 947 26 14 02 \ud83d\udce7 Email Email info@starkaudit.com \ud83d\udccdOficinas Ubicaci\u00f3n C\/ Vitoria n28 2\u00baD Burgos 09004","og_url":"https:\/\/starkaudit.net\/en\/contacto\/","og_site_name":"STARK AUDIT AUDITORES DE CUENTAS","article_modified_time":"2025-06-14T16:26:34+00:00","og_image":[{"width":1264,"height":1080,"url":"https:\/\/starkaudit.net\/wp-content\/uploads\/2023\/09\/calle-vitoria-Stark-Audit-1.jpg","type":"image\/jpeg"}],"twitter_card":"summary_large_image","twitter_misc":{"Est. reading time":"1 minute"},"schema":{"@context":"https:\/\/schema.org","@graph":[{"@type":"WebPage","@id":"https:\/\/starkaudit.net\/contacto\/","url":"https:\/\/starkaudit.net\/contacto\/","name":"Contacto - STARK AUDIT AUDITORES DE CUENTAS","isPartOf":{"@id":"https:\/\/starkaudit.net\/#website"},"primaryImageOfPage":{"@id":"https:\/\/starkaudit.net\/contacto\/#primaryimage"},"image":{"@id":"https:\/\/starkaudit.net\/contacto\/#primaryimage"},"thumbnailUrl":"https:\/\/starkaudit.net\/wp-content\/uploads\/2023\/09\/calle-vitoria-Stark-Audit-1-1024x875.jpg","datePublished":"2023-09-04T08:42:52+00:00","dateModified":"2025-06-14T16:26:34+00:00","breadcrumb":{"@id":"https:\/\/starkaudit.net\/contacto\/#breadcrumb"},"inLanguage":"en-US","potentialAction":[{"@type":"ReadAction","target":["https:\/\/starkaudit.net\/contacto\/"]}]},{"@type":"ImageObject","inLanguage":"en-US","@id":"https:\/\/starkaudit.net\/contacto\/#primaryimage","url":"https:\/\/starkaudit.net\/wp-content\/uploads\/2023\/09\/calle-vitoria-Stark-Audit-1-1024x875.jpg","contentUrl":"https:\/\/starkaudit.net\/wp-content\/uploads\/2023\/09\/calle-vitoria-Stark-Audit-1-1024x875.jpg"},{"@type":"BreadcrumbList","@id":"https:\/\/starkaudit.net\/contacto\/#breadcrumb","itemListElement":[{"@type":"ListItem","position":1,"name":"Home","item":"https:\/\/starkaudit.net\/"},{"@type":"ListItem","position":2,"name":"Contacto"}]},{"@type":"WebSite","@id":"https:\/\/starkaudit.net\/#website","url":"https:\/\/starkaudit.net\/","name":"STARK AUDIT AUDITORES DE CUENTAS","description":"STARK AUDIT AUDITORES DE CUENTAS","publisher":{"@id":"https:\/\/starkaudit.net\/#organization"},"alternateName":"STARK AUDITORES BURGOS","potentialAction":[{"@type":"SearchAction","target":{"@type":"EntryPoint","urlTemplate":"https:\/\/starkaudit.net\/?s={search_term_string}"},"query-input":{"@type":"PropertyValueSpecification","valueRequired":true,"valueName":"search_term_string"}}],"inLanguage":"en-US"},{"@type":"Organization","@id":"https:\/\/starkaudit.net\/#organization","name":"STARK AUDIT AUDITORES DE CUENTAS","url":"https:\/\/starkaudit.net\/","logo":{"@type":"ImageObject","inLanguage":"en-US","@id":"https:\/\/starkaudit.net\/#\/schema\/logo\/image\/","url":"","contentUrl":"","caption":"STARK AUDIT AUDITORES DE CUENTAS"},"image":{"@id":"https:\/\/starkaudit.net\/#\/schema\/logo\/image\/"}}]}},"_links":{"self":[{"href":"https:\/\/starkaudit.net\/en\/wp-json\/wp\/v2\/pages\/21","targetHints":{"allow":["GET"]}}],"collection":[{"href":"https:\/\/starkaudit.net\/en\/wp-json\/wp\/v2\/pages"}],"about":[{"href":"https:\/\/starkaudit.net\/en\/wp-json\/wp\/v2\/types\/page"}],"author":[{"embeddable":true,"href":"https:\/\/starkaudit.net\/en\/wp-json\/wp\/v2\/users\/1"}],"replies":[{"embeddable":true,"href":"https:\/\/starkaudit.net\/en\/wp-json\/wp\/v2\/comments?post=21"}],"version-history":[{"count":30,"href":"https:\/\/starkaudit.net\/en\/wp-json\/wp\/v2\/pages\/21\/revisions"}],"predecessor-version":[{"id":415,"href":"https:\/\/starkaudit.net\/en\/wp-json\/wp\/v2\/pages\/21\/revisions\/415"}],"wp:attachment":[{"href":"https:\/\/starkaudit.net\/en\/wp-json\/wp\/v2\/media?parent=21"}],"curies":[{"name":"wp","href":"https:\/\/api.w.org\/{rel}","templated":true}]}}