{"id":174,"date":"2023-09-11T11:13:00","date_gmt":"2023-09-11T11:13:00","guid":{"rendered":"https:\/\/starkaudit.net\/?page_id=174"},"modified":"2023-11-20T11:44:17","modified_gmt":"2023-11-20T11:44:17","slug":"declaracion-de-accesibilidad","status":"publish","type":"page","link":"https:\/\/starkaudit.net\/en\/declaracion-de-accesibilidad\/","title":{"rendered":"Accessibility"},"content":{"rendered":"\n<h1 class=\"wp-block-heading has-medium-font-size\"><strong>POL\u00cdTICA DE ACCESIBILIDAD<\/strong><\/h1>\n\n\n\n<p>La empresa <strong>Stark Audit SLP<\/strong> se ha comprometido a hacer accesible su sitio web de conformidad con el Real Decreto 1112\/2018, de 7 de septiembre, sobre accesibilidad de los sitios web y aplicaciones para dispositivos m\u00f3viles del sector p\u00fablico, o desarrollos financiados desde Europa.<br>La presente declaraci\u00f3n de accesibilidad se aplica al sitio web , excluyendo los contenidos incrustados provenientes de otros dominios.<\/p>\n\n\n\n<h2 class=\"wp-block-heading has-medium-font-size\"><strong>SITUACI\u00d3N DE CUMPLIMIENTO<\/strong><\/h2>\n\n\n\n<p>Este sitio web es Parcialmente Conforme con el RD 1112\/2018 debido a la falta de conformidad de los aspectos que se indican a continuaci\u00f3n.<\/p>\n\n\n\n<h2 class=\"wp-block-heading has-medium-font-size\"><strong>CONTENIDO NO ACCESIBLE<\/strong><\/h2>\n\n\n\n<p>El contenido que se recoge a continuaci\u00f3n no es accesible por los siguientes motivos:<\/p>\n\n\n\n<h2 class=\"wp-block-heading has-medium-font-size\"><strong>Falta de conformidad:<\/strong><\/h2>\n\n\n\n<p><br>\u25e6 Algunas de las p\u00e1ginas no tienen definido su t\u00edtulo correctamente &#8211; Requisito n\u00famero 9.2.4.2 Titulado de p\u00e1ginas de UNE-EN 301549:2022<br>\u25e6 Pueden existir algunas im\u00e1genes cuya alternativa no est\u00e9 implementada o no sea correcta &#8211; \u2013 Requisito <strong>9.1.1.1 Contenido no textual<\/strong> UNE-EN 301549:2022<br>\u25e6 Pueden existir encabezados que no sean claros o breves, o que no deber\u00edan ser encabezados \u2013 Requisito n\u00famero 9.2.4.6 Encabezados<br>y etiquetas de UNE-EN 301549:2022<br>\u25e6 Puede haber campos de formulario donde su etiqueta no sea correcta o no exista \u2013 Requisito n\u00famero 9.2.5.3 Inclusi\u00f3n de la etiqueta en el nombre de UNE-EN 301549:2022 y requisito 9.3.3.2 Etiquetas o instrucciones de UNE-EN 301549:2022<br>\u25e6 Podr\u00edan existir fallos puntuales de edici\u00f3n en alguna p\u00e1gina web.<br>Carga desproporcionada: No resulta aplicable.<br>El contenido no entra dentro del \u00e1mbito de la legislaci\u00f3n aplicable.\u2022<\/p>\n\n\n\n<p>Podr\u00edan existir archivos ofim\u00e1ticos en PDF u otros formatos publicados antes del 20 de septiembre de 2018 que no cumplan en su totalidad todos los requisitos de accesibilidad.<\/p>\n\n\n\n<p>Puede haber contenidos de terceros que no est\u00e9n desarrollados en esta Unidad, ni bajo su control, como archivos ofim\u00e1ticos de diferentes organismos que deban publicarse en este sitio.<\/p>\n\n\n\n<h4 class=\"wp-block-heading\">OBSERVACIONES Y DATOS DE CONTACTO<\/h4>\n\n\n\n<p>Puede realizar comunicaciones sobre requisitos de accesibilidad [art\u00edculo 10.2.a) del RD 1112\/2018] como, por ejemplo:<\/p>\n\n\n\n<p>Informar sobre cualquier posible incumplimiento por parte de este sitio web.<br>Transmitir otras dificultades de acceso al contenido.<br>Formular cualquier otra consulta o sugerencia de mejora relativa a la accesibilidad del sitio web llamando al tel\u00e9fono <strong>626405026<\/strong><\/p>\n\n\n\n<p>Puede presentar:<\/p>\n\n\n\n<ul class=\"wp-block-list\">\n<li>Una queja relativa al cumplimiento de los requisitos del RD 1112\/2018<\/li>\n\n\n\n<li>Una solicitud de informaci\u00f3n accesible relativa a:<\/li>\n<\/ul>\n\n\n\n<p>\u25e6 Contenidos que est\u00e1n excluidos del \u00e1mbito de aplicaci\u00f3n del RD 1112\/2018 seg\u00fan lo establecido por el art\u00edculo 3, apartado 4.<br>\u25e6 Contenidos que est\u00e1n exentos del cumplimiento de los requisitos de accesibilidad por imponer una carga desproporcionada.<\/p>\n\n\n\n<p>En la solicitud de informaci\u00f3n accesible, se debe concretar, con toda claridad, los hechos, razones y petici\u00f3n que permitan constatar que se trata de una solicitud razonable y leg\u00edtima.<\/p>\n","protected":false},"excerpt":{"rendered":"<p>POL\u00cdTICA DE ACCESIBILIDAD La empresa Stark Audit SLP se ha comprometido a hacer accesible su sitio web de conformidad con el Real Decreto 1112\/2018, de 7 de septiembre, sobre accesibilidad de los sitios web y aplicaciones para dispositivos m\u00f3viles del sector p\u00fablico, o desarrollos financiados desde Europa.La presente declaraci\u00f3n de accesibilidad se aplica al sitio&hellip;&nbsp;<a href=\"https:\/\/starkaudit.net\/en\/declaracion-de-accesibilidad\/\" rel=\"bookmark\">Read More &raquo;<span class=\"screen-reader-text\">Accessibility<\/span><\/a><\/p>","protected":false},"author":1,"featured_media":0,"parent":0,"menu_order":0,"comment_status":"closed","ping_status":"closed","template":"","meta":{"neve_meta_sidebar":"","neve_meta_container":"","neve_meta_enable_content_width":"","neve_meta_content_width":0,"neve_meta_title_alignment":"","neve_meta_author_avatar":"","neve_post_elements_order":"","neve_meta_disable_header":"","neve_meta_disable_footer":"","neve_meta_disable_title":"","footnotes":""},"class_list":["post-174","page","type-page","status-publish","hentry"],"yoast_head":"<!-- This site is optimized with the Yoast SEO plugin v27.1.1 - https:\/\/yoast.com\/product\/yoast-seo-wordpress\/ -->\n<title>Accesibilidad - STARK AUDIT AUDITORES DE CUENTAS<\/title>\n<meta name=\"robots\" content=\"index, follow, max-snippet:-1, max-image-preview:large, max-video-preview:-1\" \/>\n<link rel=\"canonical\" href=\"https:\/\/starkaudit.net\/en\/declaracion-de-accesibilidad\/\" \/>\n<meta property=\"og:locale\" content=\"en_US\" \/>\n<meta property=\"og:type\" content=\"article\" \/>\n<meta property=\"og:title\" content=\"Accesibilidad - STARK AUDIT AUDITORES DE CUENTAS\" \/>\n<meta property=\"og:description\" content=\"POL\u00cdTICA DE ACCESIBILIDAD La empresa Stark Audit SLP se ha comprometido a hacer accesible su sitio web de conformidad con el Real Decreto 1112\/2018, de 7 de septiembre, sobre accesibilidad de los sitios web y aplicaciones para dispositivos m\u00f3viles del sector p\u00fablico, o desarrollos financiados desde Europa.La presente declaraci\u00f3n de accesibilidad se aplica al sitio&hellip;&nbsp;Read More &raquo;Accesibilidad\" \/>\n<meta property=\"og:url\" content=\"https:\/\/starkaudit.net\/en\/declaracion-de-accesibilidad\/\" \/>\n<meta property=\"og:site_name\" content=\"STARK AUDIT AUDITORES DE CUENTAS\" \/>\n<meta property=\"article:modified_time\" content=\"2023-11-20T11:44:17+00:00\" \/>\n<meta name=\"twitter:card\" content=\"summary_large_image\" \/>\n<meta name=\"twitter:label1\" content=\"Est. reading time\" \/>\n\t<meta name=\"twitter:data1\" content=\"3 minutes\" \/>\n<script type=\"application\/ld+json\" class=\"yoast-schema-graph\">{\"@context\":\"https:\/\/schema.org\",\"@graph\":[{\"@type\":\"WebPage\",\"@id\":\"https:\/\/starkaudit.net\/declaracion-de-accesibilidad\/\",\"url\":\"https:\/\/starkaudit.net\/declaracion-de-accesibilidad\/\",\"name\":\"Accesibilidad - STARK AUDIT AUDITORES DE CUENTAS\",\"isPartOf\":{\"@id\":\"https:\/\/starkaudit.net\/#website\"},\"datePublished\":\"2023-09-11T11:13:00+00:00\",\"dateModified\":\"2023-11-20T11:44:17+00:00\",\"breadcrumb\":{\"@id\":\"https:\/\/starkaudit.net\/declaracion-de-accesibilidad\/#breadcrumb\"},\"inLanguage\":\"en-US\",\"potentialAction\":[{\"@type\":\"ReadAction\",\"target\":[\"https:\/\/starkaudit.net\/declaracion-de-accesibilidad\/\"]}]},{\"@type\":\"BreadcrumbList\",\"@id\":\"https:\/\/starkaudit.net\/declaracion-de-accesibilidad\/#breadcrumb\",\"itemListElement\":[{\"@type\":\"ListItem\",\"position\":1,\"name\":\"Home\",\"item\":\"https:\/\/starkaudit.net\/\"},{\"@type\":\"ListItem\",\"position\":2,\"name\":\"Accesibilidad\"}]},{\"@type\":\"WebSite\",\"@id\":\"https:\/\/starkaudit.net\/#website\",\"url\":\"https:\/\/starkaudit.net\/\",\"name\":\"STARK AUDIT AUDITORES DE CUENTAS\",\"description\":\"STARK AUDIT AUDITORES DE CUENTAS\",\"publisher\":{\"@id\":\"https:\/\/starkaudit.net\/#organization\"},\"alternateName\":\"STARK AUDITORES BURGOS\",\"potentialAction\":[{\"@type\":\"SearchAction\",\"target\":{\"@type\":\"EntryPoint\",\"urlTemplate\":\"https:\/\/starkaudit.net\/?s={search_term_string}\"},\"query-input\":{\"@type\":\"PropertyValueSpecification\",\"valueRequired\":true,\"valueName\":\"search_term_string\"}}],\"inLanguage\":\"en-US\"},{\"@type\":\"Organization\",\"@id\":\"https:\/\/starkaudit.net\/#organization\",\"name\":\"STARK AUDIT AUDITORES DE CUENTAS\",\"url\":\"https:\/\/starkaudit.net\/\",\"logo\":{\"@type\":\"ImageObject\",\"inLanguage\":\"en-US\",\"@id\":\"https:\/\/starkaudit.net\/#\/schema\/logo\/image\/\",\"url\":\"\",\"contentUrl\":\"\",\"caption\":\"STARK AUDIT AUDITORES DE CUENTAS\"},\"image\":{\"@id\":\"https:\/\/starkaudit.net\/#\/schema\/logo\/image\/\"}}]}<\/script>\n<!-- \/ Yoast SEO plugin. -->","yoast_head_json":{"title":"Accesibilidad - STARK AUDIT AUDITORES DE CUENTAS","robots":{"index":"index","follow":"follow","max-snippet":"max-snippet:-1","max-image-preview":"max-image-preview:large","max-video-preview":"max-video-preview:-1"},"canonical":"https:\/\/starkaudit.net\/en\/declaracion-de-accesibilidad\/","og_locale":"en_US","og_type":"article","og_title":"Accesibilidad - STARK AUDIT AUDITORES DE CUENTAS","og_description":"POL\u00cdTICA DE ACCESIBILIDAD La empresa Stark Audit SLP se ha comprometido a hacer accesible su sitio web de conformidad con el Real Decreto 1112\/2018, de 7 de septiembre, sobre accesibilidad de los sitios web y aplicaciones para dispositivos m\u00f3viles del sector p\u00fablico, o desarrollos financiados desde Europa.La presente declaraci\u00f3n de accesibilidad se aplica al sitio&hellip;&nbsp;Read More &raquo;Accesibilidad","og_url":"https:\/\/starkaudit.net\/en\/declaracion-de-accesibilidad\/","og_site_name":"STARK AUDIT AUDITORES DE CUENTAS","article_modified_time":"2023-11-20T11:44:17+00:00","twitter_card":"summary_large_image","twitter_misc":{"Est. reading time":"3 minutes"},"schema":{"@context":"https:\/\/schema.org","@graph":[{"@type":"WebPage","@id":"https:\/\/starkaudit.net\/declaracion-de-accesibilidad\/","url":"https:\/\/starkaudit.net\/declaracion-de-accesibilidad\/","name":"Accesibilidad - STARK AUDIT AUDITORES DE CUENTAS","isPartOf":{"@id":"https:\/\/starkaudit.net\/#website"},"datePublished":"2023-09-11T11:13:00+00:00","dateModified":"2023-11-20T11:44:17+00:00","breadcrumb":{"@id":"https:\/\/starkaudit.net\/declaracion-de-accesibilidad\/#breadcrumb"},"inLanguage":"en-US","potentialAction":[{"@type":"ReadAction","target":["https:\/\/starkaudit.net\/declaracion-de-accesibilidad\/"]}]},{"@type":"BreadcrumbList","@id":"https:\/\/starkaudit.net\/declaracion-de-accesibilidad\/#breadcrumb","itemListElement":[{"@type":"ListItem","position":1,"name":"Home","item":"https:\/\/starkaudit.net\/"},{"@type":"ListItem","position":2,"name":"Accesibilidad"}]},{"@type":"WebSite","@id":"https:\/\/starkaudit.net\/#website","url":"https:\/\/starkaudit.net\/","name":"STARK AUDIT AUDITORES DE CUENTAS","description":"STARK AUDIT AUDITORES DE CUENTAS","publisher":{"@id":"https:\/\/starkaudit.net\/#organization"},"alternateName":"STARK AUDITORES BURGOS","potentialAction":[{"@type":"SearchAction","target":{"@type":"EntryPoint","urlTemplate":"https:\/\/starkaudit.net\/?s={search_term_string}"},"query-input":{"@type":"PropertyValueSpecification","valueRequired":true,"valueName":"search_term_string"}}],"inLanguage":"en-US"},{"@type":"Organization","@id":"https:\/\/starkaudit.net\/#organization","name":"STARK AUDIT AUDITORES DE CUENTAS","url":"https:\/\/starkaudit.net\/","logo":{"@type":"ImageObject","inLanguage":"en-US","@id":"https:\/\/starkaudit.net\/#\/schema\/logo\/image\/","url":"","contentUrl":"","caption":"STARK AUDIT AUDITORES DE CUENTAS"},"image":{"@id":"https:\/\/starkaudit.net\/#\/schema\/logo\/image\/"}}]}},"_links":{"self":[{"href":"https:\/\/starkaudit.net\/en\/wp-json\/wp\/v2\/pages\/174","targetHints":{"allow":["GET"]}}],"collection":[{"href":"https:\/\/starkaudit.net\/en\/wp-json\/wp\/v2\/pages"}],"about":[{"href":"https:\/\/starkaudit.net\/en\/wp-json\/wp\/v2\/types\/page"}],"author":[{"embeddable":true,"href":"https:\/\/starkaudit.net\/en\/wp-json\/wp\/v2\/users\/1"}],"replies":[{"embeddable":true,"href":"https:\/\/starkaudit.net\/en\/wp-json\/wp\/v2\/comments?post=174"}],"version-history":[{"count":3,"href":"https:\/\/starkaudit.net\/en\/wp-json\/wp\/v2\/pages\/174\/revisions"}],"predecessor-version":[{"id":234,"href":"https:\/\/starkaudit.net\/en\/wp-json\/wp\/v2\/pages\/174\/revisions\/234"}],"wp:attachment":[{"href":"https:\/\/starkaudit.net\/en\/wp-json\/wp\/v2\/media?parent=174"}],"curies":[{"name":"wp","href":"https:\/\/api.w.org\/{rel}","templated":true}]}}